{"id":804,"date":"2025-07-07T11:24:23","date_gmt":"2025-07-07T11:24:23","guid":{"rendered":"https:\/\/teamevity.com\/?page_id=804"},"modified":"2025-07-10T13:40:29","modified_gmt":"2025-07-10T13:40:29","slug":"datenschutz","status":"publish","type":"page","link":"https:\/\/teamevity.com\/en\/datenschutz\/","title":{"rendered":"Privacy Policy"},"content":{"rendered":"<div data-elementor-type=\"wp-page\" data-elementor-id=\"804\" class=\"elementor elementor-804\">\n\t\t\t\t<div class=\"elementor-element elementor-element-769788e2 animated-fast e-flex e-con-boxed elementor-invisible e-con e-parent\" data-id=\"769788e2\" data-element_type=\"container\" id=\"home\" data-settings=\"{&quot;animation&quot;:&quot;fadeInDown&quot;}\">\n\t\t\t\t\t<div class=\"e-con-inner\">\n\t\t\t\t<div class=\"elementor-element elementor-element-74a56503 logo-wrapper elementor-widget elementor-widget-image\" data-id=\"74a56503\" data-element_type=\"widget\" data-widget_type=\"image.default\">\n\t\t\t\t<div class=\"elementor-widget-container\">\n\t\t\t\t\t\t\t\t\t\t\t\t\t\t\t\t<a href=\"\/en\/\">\n\t\t\t\t\t\t\t<img decoding=\"async\" width=\"100\" height=\"100\" src=\"https:\/\/teamevity.com\/wp-content\/uploads\/teamevity_logo_fin_250709_1.svg\" class=\"attachment-full size-full wp-image-865\" alt=\"teamevity logo\" \/>\t\t\t\t\t\t\t\t<\/a>\n\t\t\t\t\t\t\t\t\t\t\t\t\t\t\t<\/div>\n\t\t\t\t<\/div>\n\t\t\t\t<div class=\"elementor-element elementor-element-7e3f8761 lang-switch elementor-widget elementor-widget-shortcode\" data-id=\"7e3f8761\" data-element_type=\"widget\" data-widget_type=\"shortcode.default\">\n\t\t\t\t<div class=\"elementor-widget-container\">\n\t\t\t\t\t\t\t<div class=\"elementor-shortcode\"><div data-no-translation><a href='https:\/\/teamevity.com\/en\/wp-json\/wp\/v2\/pages\/804'>DE<\/a> | <a href='https:\/\/teamevity.com\/en\/wp-json\/wp\/v2\/pages\/804' class=\"active\">EN<\/a><\/div><\/div>\n\t\t\t\t\t\t<\/div>\n\t\t\t\t<\/div>\n\t\t\t\t<div class=\"elementor-element elementor-element-11686c68 button__header elementor-widget elementor-widget-button\" data-id=\"11686c68\" data-element_type=\"widget\" data-widget_type=\"button.default\">\n\t\t\t\t<div class=\"elementor-widget-container\">\n\t\t\t\t\t\t\t\t\t<div class=\"elementor-button-wrapper\">\n\t\t\t\t\t<a class=\"elementor-button elementor-button-link elementor-size-sm\" href=\"#beratung\">\n\t\t\t\t\t\t<span class=\"elementor-button-content-wrapper\">\n\t\t\t\t\t\t\t\t\t<span class=\"elementor-button-text\">Free Introductory Call<\/span>\n\t\t\t\t\t<\/span>\n\t\t\t\t\t<\/a>\n\t\t\t\t<\/div>\n\t\t\t\t\t\t\t\t<\/div>\n\t\t\t\t<\/div>\n\t\t\t\t<div class=\"elementor-element elementor-element-157772e5 elementor-widget elementor-widget-html\" data-id=\"157772e5\" data-element_type=\"widget\" data-widget_type=\"html.default\">\n\t\t\t\t<div class=\"elementor-widget-container\">\n\t\t\t\t\t<div class=\"slide-menu\" id=\"slideMenu\">\r\n  <button class=\"hamburger-btn\" onclick=\"toggleMenu()\">\r\n    <span><\/span><span><\/span><span><\/span>\r\n  <\/button>\r\n  <nav class=\"menu-nav\">\r\n    <a href=\"\/en\/#home\">Home<\/a>\r\n    <a href=\"\/en\/#leistungen\">Services<\/a>\r\n    <a href=\"\/en\/#beratung\">Free Consultation<\/a>\r\n    <a href=\"\/en\/#ueber-uns\">About Us<\/a>\r\n    <a href=\"\/en\/#faq\">FAQ<\/a>\r\n    <a href=\"\/en\/#beratung\">Contact Us<\/a>\r\n    <div data-no-translation><a href='https:\/\/teamevity.com\/en\/wp-json\/wp\/v2\/pages\/804'>DE<\/a> | <a href='https:\/\/teamevity.com\/en\/wp-json\/wp\/v2\/pages\/804' class=\"active\">EN<\/a><\/div>\r\n  <\/nav>\r\n<\/div>\r\n<div class=\"menu-overlay\" id=\"menuOverlay\" onclick=\"toggleMenu()\"><\/div>\t\t\t\t<\/div>\n\t\t\t\t<\/div>\n\t\t\t\t\t<\/div>\n\t\t\t\t<\/div>\n\t\t<div class=\"elementor-element elementor-element-6cfaa46 e-con-full e-flex elementor-invisible e-con e-parent\" data-id=\"6cfaa46\" data-element_type=\"container\" data-settings=\"{&quot;background_background&quot;:&quot;classic&quot;,&quot;animation&quot;:&quot;fadeIn&quot;}\">\n\t\t\t\t<div class=\"elementor-element elementor-element-7c7002d elementor-invisible elementor-widget elementor-widget-heading\" data-id=\"7c7002d\" data-element_type=\"widget\" data-settings=\"{&quot;_animation&quot;:&quot;bounceInUp&quot;}\" data-widget_type=\"heading.default\">\n\t\t\t\t<div class=\"elementor-widget-container\">\n\t\t\t\t\t<h1 class=\"elementor-heading-title elementor-size-default\">Privacy Policy<\/h1>\t\t\t\t<\/div>\n\t\t\t\t<\/div>\n\t\t\t\t<\/div>\n\t\t<div class=\"elementor-element elementor-element-6796dad e-flex e-con-boxed e-con e-parent\" data-id=\"6796dad\" data-element_type=\"container\">\n\t\t\t\t\t<div class=\"e-con-inner\">\n\t\t\t\t<div class=\"elementor-element elementor-element-80b553f elementor-widget elementor-widget-text-editor\" data-id=\"80b553f\" data-element_type=\"widget\" data-widget_type=\"text-editor.default\">\n\t\t\t\t<div class=\"elementor-widget-container\">\n\t\t\t\t\t\t\t\t\t <p><strong>1. General Information<\/strong><\/p>\n    <p>Protecting your personal data is very important to us.\nThis privacy policy informs you about the data we collect, how we use it, and what rights you have regarding your data.<\/p>\n    \n    <p><strong>2. Controller<\/strong><\/p>\n    <p>Responsible for data processing on this website:<\/p>\n    <p>Teamevity GbR, Birgit Eckart und Oliver Oelkers<br>\n    D-81675 M\u00fcnchen, Grillparzerstra\u00dfe 46<br>\n    E-mail: <a href=\"mailto:info@teamevity.com\">info@teamevity.com<\/a><\/p>\n    \n    <p><strong>3. Collection and Storage of Personal Data and Purpose of Use<\/strong><\/p>\n    \n    <p><strong>3.1 When visiting the website<\/strong><\/p>\n    <p>When you visit our website, the web server automatically collects the following data:<\/p>\n    \n    <ul>\n        <li>IP address<\/li>\n        <li>Date and time of access<\/li>\n        <li>Name and URL of the accessed file<\/li>\n        <li>Referrer URL (previously visited page)<\/li>\n        <li>Browser type and version<\/li>\n        <li>Operating system<\/li>\n    <\/ul>\n    \n    <p>These data are processed to ensure a smooth connection and system security.\nProcessing is based on Art. 6(1)(f) GDPR (legitimate interest).<\/p>\n    \n    <p><strong>3.2 Contact form and online appointment booking (Calendly)<\/strong><\/p>\n    <p>We use the service Calendly (Calendly LLC, 271 17th St NW, Atlanta, GA 30363, USA) for scheduling appointments.<\/p>\n    <p>When you book an appointment through our website, the data you enter (e.g. name, email address, phone number) will be transmitted to Calendly. Calendly stores this data and sends a confirmation.<\/p>\n    \n    <ul>\n        <li>Legal basis: Your consent pursuant to Art. 6(1)(a) GDPR<\/li>\n        <li>Data transfer to the USA: Calendly processes data in the United States. The transfer is based on standard contractual clauses approved by the European Commission.<\/li>\n        <li>Purpose: Appointment scheduling and coordination<\/li>\n        <li>Storage duration: Data is deleted as soon as it is no longer needed for its intended purpose, unless legal retention obligations apply.<\/li>\n    <\/ul>\n    \n    <p><strong>Withdrawal of consent:<\/strong> You can revoke your consent to Calendly\u2019s data processing at any time via your Calendly account settings or by contacting us.<\/p>\n    <p>For more information on Calendly\u2019s data processing, see their Privacy Policy: <a href=\"https:\/\/calendly.com\/privacy\">https:\/\/calendly.com\/privacy<\/a><\/p>\n    \n    <p><strong>3.3 Cookies &amp; Tracking Technologies<\/strong><\/p>\n    <p>Our website uses cookies. These are small text files that are stored on your device and contain certain information.<\/p>\n    <p>Types of Cookies<\/p>\n    \n    <ul>\n        <li>Necessary cookies: Enable basic functionality of the website<\/li>\n        <li>Analytics\/marketing cookies: Help us optimize the website and our offering (only with your consent)<\/li>\n    <\/ul>\n    \n    <p>You can manage or delete cookies via your cookie settings or browser settings.<\/p>\n    \n    <p><strong>3.5 Social Media Plugins<\/strong><\/p>\n    <p>Our website may contain social media plugins (e.g. LinkedIn, Instagram).\nWhen you activate such a plugin, personal data may be transmitted to the respective provider.<\/p>\n    \n    <ul>\n        <li>Legal basis: Your consent pursuant to Art. 6(1)(a) GDPR<\/li>\n        <li>For details on data processing, please refer to the privacy policies of the respective providers.<\/li>\n    <\/ul>\n    \n    <p><strong>4. Disclosure of Data<\/strong><\/p>\n    <p>We only share your personal data with third parties if:<\/p>\n    \n    <ul>\n        <li>it is necessary for contract performance (e.g. payment service providers)<\/li>\n        <li>you have explicitly given consent<\/li>\n        <li>a legal obligation exists<\/li>\n    <\/ul>\n    \n    <p><strong>5. Storage Period<\/strong><\/p>\n    <p>We store your personal data only as long as necessary to fulfill the specific purpose or if required by legal retention periods.<\/p>\n    \n    <p><strong>6. Your Rights<\/strong><\/p>\n    <p>You have the following rights under the GDPR:<\/p>\n    \n    <ul>\n        <li>Access to your stored data (Art. 15 GDPR)<\/li>\n        <li>Rectification of inaccurate data (Art. 16 GDPR)<\/li>\n        <li>Deletion of your data (Art. 17 GDPR)<\/li>\n        <li>Restriction of processing (Art. 18 GDPR)<\/li>\n        <li>Data portability (Art. 20 GDPR)<\/li>\n        <li>Objection to data processing (Art. 21 GDPR)<\/li>\n    <\/ul>\n    \n    <p>To exercise your rights, please contact us at <a href=\"mailto:info@teamevity.com\">info@teamevity.com<\/a><\/p>\n    \n    <p><strong>7. Right to Lodge a Complaint<\/strong><\/p>\n    <p>If you believe the processing of your personal data violates the GDPR, you have the right to lodge a complaint with a data protection authority.<\/p>\n    \n    <p><strong>8. Changes to This Privacy Policy<\/strong><\/p>\n    <p>This privacy policy may be updated to reflect legal requirements or changes to the website\u2019s features.<\/p>\n    \n    <p>Last updated: March 10, 2025<\/p>\t\t\t\t\t\t\t\t<\/div>\n\t\t\t\t<\/div>\n\t\t\t\t\t<\/div>\n\t\t\t\t<\/div>\n\t\t<div class=\"elementor-element elementor-element-641dbd9a e-con-full animated-fast e-flex elementor-invisible e-con e-parent\" data-id=\"641dbd9a\" data-element_type=\"container\" data-settings=\"{&quot;background_background&quot;:&quot;classic&quot;,&quot;animation&quot;:&quot;fadeInUp&quot;}\">\n\t\t<div class=\"elementor-element elementor-element-4e087ab4 e-flex e-con-boxed e-con e-child\" data-id=\"4e087ab4\" data-element_type=\"container\">\n\t\t\t\t\t<div class=\"e-con-inner\">\n\t\t\t\t<div class=\"elementor-element elementor-element-8c0d1b1 elementor-icon-list--layout-inline elementor-mobile-align-center footer-links elementor-list-item-link-full_width elementor-widget elementor-widget-icon-list\" data-id=\"8c0d1b1\" data-element_type=\"widget\" data-widget_type=\"icon-list.default\">\n\t\t\t\t<div class=\"elementor-widget-container\">\n\t\t\t\t\t\t\t<ul class=\"elementor-icon-list-items elementor-inline-items\">\n\t\t\t\t\t\t\t<li class=\"elementor-icon-list-item elementor-inline-item\">\n\t\t\t\t\t\t\t\t\t\t\t<a href=\"\/en\/#beratung\">\n\n\t\t\t\t\t\t\t\t\t\t\t<span class=\"elementor-icon-list-text\">Contact Us<\/span>\n\t\t\t\t\t\t\t\t\t\t\t<\/a>\n\t\t\t\t\t\t\t\t\t<\/li>\n\t\t\t\t\t\t\t\t<li class=\"elementor-icon-list-item elementor-inline-item\">\n\t\t\t\t\t\t\t\t\t\t\t<a href=\"\/en\/impressum\/\">\n\n\t\t\t\t\t\t\t\t\t\t\t<span class=\"elementor-icon-list-text\">Imprint<\/span>\n\t\t\t\t\t\t\t\t\t\t\t<\/a>\n\t\t\t\t\t\t\t\t\t<\/li>\n\t\t\t\t\t\t\t\t<li class=\"elementor-icon-list-item elementor-inline-item\">\n\t\t\t\t\t\t\t\t\t\t\t<a href=\"\/en\/datenschutz\/\">\n\n\t\t\t\t\t\t\t\t\t\t\t<span class=\"elementor-icon-list-text\">Data Protection<\/span>\n\t\t\t\t\t\t\t\t\t\t\t<\/a>\n\t\t\t\t\t\t\t\t\t<\/li>\n\t\t\t\t\t\t\t\t<li class=\"elementor-icon-list-item elementor-inline-item\">\n\t\t\t\t\t\t\t\t\t\t\t<a href=\"\/en\/#faq\">\n\n\t\t\t\t\t\t\t\t\t\t\t<span class=\"elementor-icon-list-text\">FAQ<\/span>\n\t\t\t\t\t\t\t\t\t\t\t<\/a>\n\t\t\t\t\t\t\t\t\t<\/li>\n\t\t\t\t\t\t<\/ul>\n\t\t\t\t\t\t<\/div>\n\t\t\t\t<\/div>\n\t\t\t\t<div class=\"elementor-element elementor-element-439f8552 elementor-widget elementor-widget-button\" data-id=\"439f8552\" data-element_type=\"widget\" data-widget_type=\"button.default\">\n\t\t\t\t<div class=\"elementor-widget-container\">\n\t\t\t\t\t\t\t\t\t<div class=\"elementor-button-wrapper\">\n\t\t\t\t\t<a class=\"elementor-button elementor-button-link elementor-size-sm\" href=\"\/en\/#beratung\">\n\t\t\t\t\t\t<span class=\"elementor-button-content-wrapper\">\n\t\t\t\t\t\t\t\t\t<span class=\"elementor-button-text\">Free Introductory Call<\/span>\n\t\t\t\t\t<\/span>\n\t\t\t\t\t<\/a>\n\t\t\t\t<\/div>\n\t\t\t\t\t\t\t\t<\/div>\n\t\t\t\t<\/div>\n\t\t\t\t<div class=\"elementor-element elementor-element-6dfa1c9f elementor-grid-tablet-1 elementor-shape-rounded elementor-grid-0 e-grid-align-center elementor-widget elementor-widget-social-icons\" data-id=\"6dfa1c9f\" data-element_type=\"widget\" data-widget_type=\"social-icons.default\">\n\t\t\t\t<div class=\"elementor-widget-container\">\n\t\t\t\t\t\t\t<div class=\"elementor-social-icons-wrapper elementor-grid\" role=\"list\">\n\t\t\t\t\t\t\t<span class=\"elementor-grid-item\" role=\"listitem\">\n\t\t\t\t\t<a class=\"elementor-icon elementor-social-icon elementor-social-icon-linkedin elementor-repeater-item-c2ac59c\" href=\"https:\/\/www.linkedin.com\/company\/teamevity\" target=\"_blank\" rel=\"nofollow\">\n\t\t\t\t\t\t<span class=\"elementor-screen-only\">Linkedin<\/span>\n\t\t\t\t\t\t<svg class=\"e-font-icon-svg e-fab-linkedin\" viewbox=\"0 0 448 512\" xmlns=\"http:\/\/www.w3.org\/2000\/svg\"><path d=\"M416 32H31.9C14.3 32 0 46.5 0 64.3v383.4C0 465.5 14.3 480 31.9 480H416c17.6 0 32-14.5 32-32.3V64.3c0-17.8-14.4-32.3-32-32.3zM135.4 416H69V202.2h66.5V416zm-33.2-243c-21.3 0-38.5-17.3-38.5-38.5S80.9 96 102.2 96c21.2 0 38.5 17.3 38.5 38.5 0 21.3-17.2 38.5-38.5 38.5zm282.1 243h-66.4V312c0-24.8-.5-56.7-34.5-56.7-34.6 0-39.9 27-39.9 54.9V416h-66.4V202.2h63.7v29.2h.9c8.9-16.8 30.6-34.5 62.9-34.5 67.2 0 79.7 44.3 79.7 101.9V416z\"><\/path><\/svg>\t\t\t\t\t<\/a>\n\t\t\t\t<\/span>\n\t\t\t\t\t\t\t<span class=\"elementor-grid-item\" role=\"listitem\">\n\t\t\t\t\t<a class=\"elementor-icon elementor-social-icon elementor-social-icon-instagram elementor-repeater-item-81fd146\" href=\"https:\/\/www.instagram.com\/team.evity?igsh=cDB1OGF5cWZtMDhm\" target=\"_blank\" rel=\"nofollow\">\n\t\t\t\t\t\t<span class=\"elementor-screen-only\">Instagram<\/span>\n\t\t\t\t\t\t<svg class=\"e-font-icon-svg e-fab-instagram\" viewbox=\"0 0 448 512\" xmlns=\"http:\/\/www.w3.org\/2000\/svg\"><path d=\"M224.1 141c-63.6 0-114.9 51.3-114.9 114.9s51.3 114.9 114.9 114.9S339 319.5 339 255.9 287.7 141 224.1 141zm0 189.6c-41.1 0-74.7-33.5-74.7-74.7s33.5-74.7 74.7-74.7 74.7 33.5 74.7 74.7-33.6 74.7-74.7 74.7zm146.4-194.3c0 14.9-12 26.8-26.8 26.8-14.9 0-26.8-12-26.8-26.8s12-26.8 26.8-26.8 26.8 12 26.8 26.8zm76.1 27.2c-1.7-35.9-9.9-67.7-36.2-93.9-26.2-26.2-58-34.4-93.9-36.2-37-2.1-147.9-2.1-184.9 0-35.8 1.7-67.6 9.9-93.9 36.1s-34.4 58-36.2 93.9c-2.1 37-2.1 147.9 0 184.9 1.7 35.9 9.9 67.7 36.2 93.9s58 34.4 93.9 36.2c37 2.1 147.9 2.1 184.9 0 35.9-1.7 67.7-9.9 93.9-36.2 26.2-26.2 34.4-58 36.2-93.9 2.1-37 2.1-147.8 0-184.8zM398.8 388c-7.8 19.6-22.9 34.7-42.6 42.6-29.5 11.7-99.5 9-132.1 9s-102.7 2.6-132.1-9c-19.6-7.8-34.7-22.9-42.6-42.6-11.7-29.5-9-99.5-9-132.1s-2.6-102.7 9-132.1c7.8-19.6 22.9-34.7 42.6-42.6 29.5-11.7 99.5-9 132.1-9s102.7-2.6 132.1 9c19.6 7.8 34.7 22.9 42.6 42.6 11.7 29.5 9 99.5 9 132.1s2.7 102.7-9 132.1z\"><\/path><\/svg>\t\t\t\t\t<\/a>\n\t\t\t\t<\/span>\n\t\t\t\t\t<\/div>\n\t\t\t\t\t\t<\/div>\n\t\t\t\t<\/div>\n\t\t\t\t\t<\/div>\n\t\t\t\t<\/div>\n\t\t\t\t<\/div>\n\t\t\t\t<\/div>","protected":false},"excerpt":{"rendered":"<p>kostenfreies Erstgespr\u00e4ch Home Leistungen Erstgespr\u00e4ch \u00dcber uns FAQ Kontakt Datenschutzerkl\u00e4rung 1. Allgemeine Hinweise Der Schutz Ihrer pers\u00f6nlichen Daten ist uns ein wichtiges Anliegen. In dieser Datenschutzerkl\u00e4rung informieren wir Sie dar\u00fcber, welche Daten wir erheben, wie wir sie nutzen und welche Rechte Sie in Bezug auf Ihre Daten haben. 2. Verantwortlicher Verantwortlich f\u00fcr die Datenverarbeitung auf [&hellip;]<\/p>\n","protected":false},"author":1,"featured_media":0,"parent":0,"menu_order":0,"comment_status":"closed","ping_status":"closed","template":"","meta":{"footnotes":""},"class_list":["post-804","page","type-page","status-publish","hentry"],"yoast_head":"<!-- This site is optimized with the Yoast SEO plugin v25.5 - https:\/\/yoast.com\/wordpress\/plugins\/seo\/ -->\n<title>Datenschutzerkl\u00e4rung - teamevity - we make teams work<\/title>\n<meta name=\"robots\" content=\"index, follow, max-snippet:-1, max-image-preview:large, max-video-preview:-1\" \/>\n<link rel=\"canonical\" href=\"https:\/\/teamevity.com\/en\/datenschutz\/\" \/>\n<meta property=\"og:locale\" content=\"en_US\" \/>\n<meta property=\"og:type\" content=\"article\" \/>\n<meta property=\"og:title\" content=\"Datenschutzerkl\u00e4rung - teamevity - we make teams work\" \/>\n<meta property=\"og:description\" content=\"kostenfreies Erstgespr\u00e4ch Home Leistungen Erstgespr\u00e4ch \u00dcber uns FAQ Kontakt Datenschutzerkl\u00e4rung 1. Allgemeine Hinweise Der Schutz Ihrer pers\u00f6nlichen Daten ist uns ein wichtiges Anliegen. In dieser Datenschutzerkl\u00e4rung informieren wir Sie dar\u00fcber, welche Daten wir erheben, wie wir sie nutzen und welche Rechte Sie in Bezug auf Ihre Daten haben. 2. Verantwortlicher Verantwortlich f\u00fcr die Datenverarbeitung auf [&hellip;]\" \/>\n<meta property=\"og:url\" content=\"https:\/\/teamevity.com\/en\/datenschutz\/\" \/>\n<meta property=\"og:site_name\" content=\"teamevity - we make teams work\" \/>\n<meta property=\"article:modified_time\" content=\"2025-07-10T13:40:29+00:00\" \/>\n<meta name=\"twitter:card\" content=\"summary_large_image\" \/>\n<meta name=\"twitter:label1\" content=\"Est. reading time\" \/>\n\t<meta name=\"twitter:data1\" content=\"3 minutes\" \/>\n<script type=\"application\/ld+json\" class=\"yoast-schema-graph\">{\"@context\":\"https:\/\/schema.org\",\"@graph\":[{\"@type\":\"WebPage\",\"@id\":\"https:\/\/teamevity.com\/datenschutz\/\",\"url\":\"https:\/\/teamevity.com\/datenschutz\/\",\"name\":\"Datenschutzerkl\u00e4rung - teamevity - we make teams work\",\"isPartOf\":{\"@id\":\"https:\/\/teamevity.com\/#website\"},\"primaryImageOfPage\":{\"@id\":\"https:\/\/teamevity.com\/datenschutz\/#primaryimage\"},\"image\":{\"@id\":\"https:\/\/teamevity.com\/datenschutz\/#primaryimage\"},\"thumbnailUrl\":\"https:\/\/teamevity.com\/wp-content\/uploads\/teamevity_logo_fin_250709_1.svg\",\"datePublished\":\"2025-07-07T11:24:23+00:00\",\"dateModified\":\"2025-07-10T13:40:29+00:00\",\"breadcrumb\":{\"@id\":\"https:\/\/teamevity.com\/datenschutz\/#breadcrumb\"},\"inLanguage\":\"en-US\",\"potentialAction\":[{\"@type\":\"ReadAction\",\"target\":[\"https:\/\/teamevity.com\/datenschutz\/\"]}]},{\"@type\":\"ImageObject\",\"inLanguage\":\"en-US\",\"@id\":\"https:\/\/teamevity.com\/datenschutz\/#primaryimage\",\"url\":\"https:\/\/teamevity.com\/wp-content\/uploads\/teamevity_logo_fin_250709_1.svg\",\"contentUrl\":\"https:\/\/teamevity.com\/wp-content\/uploads\/teamevity_logo_fin_250709_1.svg\"},{\"@type\":\"BreadcrumbList\",\"@id\":\"https:\/\/teamevity.com\/datenschutz\/#breadcrumb\",\"itemListElement\":[{\"@type\":\"ListItem\",\"position\":1,\"name\":\"Startseite\",\"item\":\"https:\/\/teamevity.com\/\"},{\"@type\":\"ListItem\",\"position\":2,\"name\":\"Datenschutzerkl\u00e4rung\"}]},{\"@type\":\"WebSite\",\"@id\":\"https:\/\/teamevity.com\/#website\",\"url\":\"https:\/\/teamevity.com\/\",\"name\":\"Teamevity - we make teams work\",\"description\":\"\",\"potentialAction\":[{\"@type\":\"SearchAction\",\"target\":{\"@type\":\"EntryPoint\",\"urlTemplate\":\"https:\/\/teamevity.com\/?s={search_term_string}\"},\"query-input\":{\"@type\":\"PropertyValueSpecification\",\"valueRequired\":true,\"valueName\":\"search_term_string\"}}],\"inLanguage\":\"en-US\"}]}<\/script>\n<!-- \/ Yoast SEO plugin. -->","yoast_head_json":{"title":"Datenschutzerkl\u00e4rung - teamevity - we make teams work","robots":{"index":"index","follow":"follow","max-snippet":"max-snippet:-1","max-image-preview":"max-image-preview:large","max-video-preview":"max-video-preview:-1"},"canonical":"https:\/\/teamevity.com\/en\/datenschutz\/","og_locale":"en_US","og_type":"article","og_title":"Datenschutzerkl\u00e4rung - teamevity - we make teams work","og_description":"kostenfreies Erstgespr\u00e4ch Home Leistungen Erstgespr\u00e4ch \u00dcber uns FAQ Kontakt Datenschutzerkl\u00e4rung 1. Allgemeine Hinweise Der Schutz Ihrer pers\u00f6nlichen Daten ist uns ein wichtiges Anliegen. In dieser Datenschutzerkl\u00e4rung informieren wir Sie dar\u00fcber, welche Daten wir erheben, wie wir sie nutzen und welche Rechte Sie in Bezug auf Ihre Daten haben. 2. Verantwortlicher Verantwortlich f\u00fcr die Datenverarbeitung auf [&hellip;]","og_url":"https:\/\/teamevity.com\/en\/datenschutz\/","og_site_name":"teamevity - we make teams work","article_modified_time":"2025-07-10T13:40:29+00:00","twitter_card":"summary_large_image","twitter_misc":{"Est. reading time":"3 minutes"},"schema":{"@context":"https:\/\/schema.org","@graph":[{"@type":"WebPage","@id":"https:\/\/teamevity.com\/datenschutz\/","url":"https:\/\/teamevity.com\/datenschutz\/","name":"Datenschutzerkl\u00e4rung - teamevity - we make teams work","isPartOf":{"@id":"https:\/\/teamevity.com\/#website"},"primaryImageOfPage":{"@id":"https:\/\/teamevity.com\/datenschutz\/#primaryimage"},"image":{"@id":"https:\/\/teamevity.com\/datenschutz\/#primaryimage"},"thumbnailUrl":"https:\/\/teamevity.com\/wp-content\/uploads\/teamevity_logo_fin_250709_1.svg","datePublished":"2025-07-07T11:24:23+00:00","dateModified":"2025-07-10T13:40:29+00:00","breadcrumb":{"@id":"https:\/\/teamevity.com\/datenschutz\/#breadcrumb"},"inLanguage":"en-US","potentialAction":[{"@type":"ReadAction","target":["https:\/\/teamevity.com\/datenschutz\/"]}]},{"@type":"ImageObject","inLanguage":"en-US","@id":"https:\/\/teamevity.com\/datenschutz\/#primaryimage","url":"https:\/\/teamevity.com\/wp-content\/uploads\/teamevity_logo_fin_250709_1.svg","contentUrl":"https:\/\/teamevity.com\/wp-content\/uploads\/teamevity_logo_fin_250709_1.svg"},{"@type":"BreadcrumbList","@id":"https:\/\/teamevity.com\/datenschutz\/#breadcrumb","itemListElement":[{"@type":"ListItem","position":1,"name":"Startseite","item":"https:\/\/teamevity.com\/"},{"@type":"ListItem","position":2,"name":"Datenschutzerkl\u00e4rung"}]},{"@type":"WebSite","@id":"https:\/\/teamevity.com\/#website","url":"https:\/\/teamevity.com\/","name":"Teamevity - we make teams work","description":"","potentialAction":[{"@type":"SearchAction","target":{"@type":"EntryPoint","urlTemplate":"https:\/\/teamevity.com\/?s={search_term_string}"},"query-input":{"@type":"PropertyValueSpecification","valueRequired":true,"valueName":"search_term_string"}}],"inLanguage":"en-US"}]}},"_links":{"self":[{"href":"https:\/\/teamevity.com\/en\/wp-json\/wp\/v2\/pages\/804","targetHints":{"allow":["GET"]}}],"collection":[{"href":"https:\/\/teamevity.com\/en\/wp-json\/wp\/v2\/pages"}],"about":[{"href":"https:\/\/teamevity.com\/en\/wp-json\/wp\/v2\/types\/page"}],"author":[{"embeddable":true,"href":"https:\/\/teamevity.com\/en\/wp-json\/wp\/v2\/users\/1"}],"replies":[{"embeddable":true,"href":"https:\/\/teamevity.com\/en\/wp-json\/wp\/v2\/comments?post=804"}],"version-history":[{"count":10,"href":"https:\/\/teamevity.com\/en\/wp-json\/wp\/v2\/pages\/804\/revisions"}],"predecessor-version":[{"id":1075,"href":"https:\/\/teamevity.com\/en\/wp-json\/wp\/v2\/pages\/804\/revisions\/1075"}],"wp:attachment":[{"href":"https:\/\/teamevity.com\/en\/wp-json\/wp\/v2\/media?parent=804"}],"curies":[{"name":"wp","href":"https:\/\/api.w.org\/{rel}","templated":true}]}}