{"id":789,"date":"2025-07-07T11:11:22","date_gmt":"2025-07-07T11:11:22","guid":{"rendered":"https:\/\/teamevity.com\/?page_id=789"},"modified":"2025-07-10T14:12:24","modified_gmt":"2025-07-10T14:12:24","slug":"impressum","status":"publish","type":"page","link":"https:\/\/teamevity.com\/en\/impressum\/","title":{"rendered":"Imprint"},"content":{"rendered":"<div data-elementor-type=\"wp-page\" data-elementor-id=\"789\" class=\"elementor elementor-789\">\n\t\t\t\t<div class=\"elementor-element elementor-element-4c19d63c animated-fast e-flex e-con-boxed elementor-invisible e-con e-parent\" data-id=\"4c19d63c\" data-element_type=\"container\" id=\"home\" data-settings=\"{&quot;animation&quot;:&quot;fadeInDown&quot;}\">\n\t\t\t\t\t<div class=\"e-con-inner\">\n\t\t\t\t<div class=\"elementor-element elementor-element-7fbd03b2 logo-wrapper elementor-widget elementor-widget-image\" data-id=\"7fbd03b2\" data-element_type=\"widget\" data-widget_type=\"image.default\">\n\t\t\t\t<div class=\"elementor-widget-container\">\n\t\t\t\t\t\t\t\t\t\t\t\t\t\t\t\t<a href=\"\/en\/\">\n\t\t\t\t\t\t\t<img decoding=\"async\" width=\"100\" height=\"100\" src=\"https:\/\/teamevity.com\/wp-content\/uploads\/teamevity_logo_fin_250709_1.svg\" class=\"attachment-full size-full wp-image-865\" alt=\"teamevity logo\" \/>\t\t\t\t\t\t\t\t<\/a>\n\t\t\t\t\t\t\t\t\t\t\t\t\t\t\t<\/div>\n\t\t\t\t<\/div>\n\t\t\t\t<div class=\"elementor-element elementor-element-2d23e404 lang-switch elementor-widget elementor-widget-shortcode\" data-id=\"2d23e404\" data-element_type=\"widget\" data-widget_type=\"shortcode.default\">\n\t\t\t\t<div class=\"elementor-widget-container\">\n\t\t\t\t\t\t\t<div class=\"elementor-shortcode\"><div data-no-translation><a href='https:\/\/teamevity.com\/en\/wp-json\/wp\/v2\/pages\/789'>DE<\/a> | <a href='https:\/\/teamevity.com\/en\/wp-json\/wp\/v2\/pages\/789' class=\"active\">EN<\/a><\/div><\/div>\n\t\t\t\t\t\t<\/div>\n\t\t\t\t<\/div>\n\t\t\t\t<div class=\"elementor-element elementor-element-762880a1 button__header elementor-widget elementor-widget-button\" data-id=\"762880a1\" data-element_type=\"widget\" data-widget_type=\"button.default\">\n\t\t\t\t<div class=\"elementor-widget-container\">\n\t\t\t\t\t\t\t\t\t<div class=\"elementor-button-wrapper\">\n\t\t\t\t\t<a class=\"elementor-button elementor-button-link elementor-size-sm\" href=\"#beratung\">\n\t\t\t\t\t\t<span class=\"elementor-button-content-wrapper\">\n\t\t\t\t\t\t\t\t\t<span class=\"elementor-button-text\">Free Introductory Call<\/span>\n\t\t\t\t\t<\/span>\n\t\t\t\t\t<\/a>\n\t\t\t\t<\/div>\n\t\t\t\t\t\t\t\t<\/div>\n\t\t\t\t<\/div>\n\t\t\t\t<div class=\"elementor-element elementor-element-3cc94886 elementor-widget elementor-widget-html\" data-id=\"3cc94886\" data-element_type=\"widget\" data-widget_type=\"html.default\">\n\t\t\t\t<div class=\"elementor-widget-container\">\n\t\t\t\t\t<div class=\"slide-menu\" id=\"slideMenu\">\r\n  <button class=\"hamburger-btn\" onclick=\"toggleMenu()\">\r\n    <span><\/span><span><\/span><span><\/span>\r\n  <\/button>\r\n  <nav class=\"menu-nav\">\r\n    <a href=\"\/en\/#home\">Home<\/a>\r\n    <a href=\"\/en\/#leistungen\">Services<\/a>\r\n    <a href=\"\/en\/#beratung\">Free Consultation<\/a>\r\n    <a href=\"\/en\/#ueber-uns\">About Us<\/a>\r\n    <a href=\"\/en\/#faq\">FAQ<\/a>\r\n    <a href=\"\/en\/#beratung\">Contact Us<\/a>\r\n    <div data-no-translation><a href='https:\/\/teamevity.com\/en\/wp-json\/wp\/v2\/pages\/789'>DE<\/a> | <a href='https:\/\/teamevity.com\/en\/wp-json\/wp\/v2\/pages\/789' class=\"active\">EN<\/a><\/div>\r\n  <\/nav>\r\n<\/div>\r\n<div class=\"menu-overlay\" id=\"menuOverlay\" onclick=\"toggleMenu()\"><\/div>\t\t\t\t<\/div>\n\t\t\t\t<\/div>\n\t\t\t\t\t<\/div>\n\t\t\t\t<\/div>\n\t\t<div class=\"elementor-element elementor-element-608c5e79 e-con-full e-flex elementor-invisible e-con e-parent\" data-id=\"608c5e79\" data-element_type=\"container\" data-settings=\"{&quot;background_background&quot;:&quot;classic&quot;,&quot;animation&quot;:&quot;fadeIn&quot;}\">\n\t\t\t\t<div class=\"elementor-element elementor-element-44087ace elementor-invisible elementor-widget elementor-widget-heading\" data-id=\"44087ace\" data-element_type=\"widget\" data-settings=\"{&quot;_animation&quot;:&quot;bounceInUp&quot;}\" data-widget_type=\"heading.default\">\n\t\t\t\t<div class=\"elementor-widget-container\">\n\t\t\t\t\t<h1 class=\"elementor-heading-title elementor-size-default\">Imprint<\/h1>\t\t\t\t<\/div>\n\t\t\t\t<\/div>\n\t\t\t\t<\/div>\n\t\t<div class=\"elementor-element elementor-element-6796dad e-flex e-con-boxed e-con e-parent\" data-id=\"6796dad\" data-element_type=\"container\">\n\t\t\t\t\t<div class=\"e-con-inner\">\n\t\t\t\t<div class=\"elementor-element elementor-element-80b553f elementor-widget elementor-widget-text-editor\" data-id=\"80b553f\" data-element_type=\"widget\" data-widget_type=\"text-editor.default\">\n\t\t\t\t<div class=\"elementor-widget-container\">\n\t\t\t\t\t\t\t\t\t<p class=\"whitespace-normal break-words\">This imprint applies to all content offered under the domain <a class=\"underline\" href=\"https:\/\/teamevity.com\/en\/\">www.teamevity.com<\/a> including all subdomains.<\/p><p class=\"whitespace-normal break-words\"><strong>Information according to \u00a75 DDG<\/strong><\/p><p class=\"whitespace-normal break-words\">Teamevity GbR<br \/>vertretungsberechtigte Gesellschafter:<br \/>Birgit Eckart and Oliver Oelkers<br \/>Grillparzerstra\u00dfe 46<br \/>D-81675 M\u00fcnchen<\/p><p class=\"whitespace-normal break-words\"><strong>E-mail:<\/strong> <a class=\"underline\" href=\"mailto:info@teamevity.com\">info@teamevity.com<\/a><\/p><p class=\"whitespace-normal break-words\"><strong>VAT ID according to \u00a727a of the German VAT Act:<\/strong> 143\/552\/80110<\/p><p class=\"whitespace-normal break-words\"><strong>Authorized representatives:<\/strong> Birgit Eckart and Oliver Oelkers<\/p><p class=\"whitespace-normal break-words\"><strong>Image credits<\/strong>\u00a0Ammy Berent (All Eyes On You), Adobe Stock, Freepik und Unsplash (Adomas Aleno).<\/p><p class=\"whitespace-normal break-words\"><strong>Liability for content:<\/strong> As service providers, we are responsible for our own content on these pages under \u00a7 7 (1) TMG in accordance with general laws. According to \u00a7\u00a7 8 to 10 TMG, however, we are not obligated to monitor transmitted or stored third-party information or to investigate circumstances that indicate illegal activity.<\/p><p class=\"whitespace-normal break-words\">Verpflichtungen zur Entfernung oder Sperrung der Nutzung von Informationen nach den allgemeinen Gesetzen bleiben hiervon unber\u00fchrt. Eine diesbez\u00fcgliche Haftung ist jedoch erst ab dem Zeitpunkt der Kenntnis einer konkreten Rechtsverletzung m\u00f6glich. Bei Bekanntwerden von entsprechenden Rechtsverletzungen werden wir diese Inhalte umgehend entfernen.<\/p><p class=\"whitespace-normal break-words\"><strong>Liability for links:<\/strong> Unser Angebot enth\u00e4lt Links zu externen Websites Dritter, auf deren Inhalte wir keinen Einfluss haben. Deshalb k\u00f6nnen wir f\u00fcr diese fremden Inhalte auch keine Gew\u00e4hr \u00fcbernehmen. F\u00fcr die Inhalte der verlinkten Seiten ist stets der jeweilige Anbieter oder Betreiber der Seiten verantwortlich.<\/p><p class=\"whitespace-normal break-words\">Our site contains links to external third-party websites over whose content we have no control. Therefore, we cannot assume any liability for these external contents. The respective provider or operator of the linked pages is always responsible for their content.\n\nAt the time of linking, the linked pages were checked for possible legal violations. No illegal content was identified at the time of linking. However, permanent monitoring of the linked pages without specific indications of a legal violation is not reasonable. Should we become aware of any legal infringements, we will remove such links immediately.<\/p><p class=\"whitespace-normal break-words\"><strong>Copyright:<\/strong> The content and works created by the site operators on these pages are subject to German copyright law. Duplication, processing, distribution, or any kind of use beyond the limits of copyright law require the written consent of the respective author or creator. Downloads and copies of this site are permitted for private, non-commercial use only.<\/p><p class=\"whitespace-normal break-words\">Where content on this site was not created by the operator, the copyrights of third parties are respected. In particular, third-party content is marked as such. Should you nevertheless become aware of a copyright infringement, please inform us accordingly. Upon becoming aware of legal violations, we will remove such content immediately.<\/p>\t\t\t\t\t\t\t\t<\/div>\n\t\t\t\t<\/div>\n\t\t\t\t\t<\/div>\n\t\t\t\t<\/div>\n\t\t<div class=\"elementor-element elementor-element-567742e0 e-con-full animated-fast e-flex elementor-invisible e-con e-parent\" data-id=\"567742e0\" data-element_type=\"container\" data-settings=\"{&quot;background_background&quot;:&quot;classic&quot;,&quot;animation&quot;:&quot;fadeInUp&quot;}\">\n\t\t<div class=\"elementor-element elementor-element-4fd32bfc e-flex e-con-boxed e-con e-child\" data-id=\"4fd32bfc\" data-element_type=\"container\">\n\t\t\t\t\t<div class=\"e-con-inner\">\n\t\t\t\t<div class=\"elementor-element elementor-element-6665ad5f elementor-icon-list--layout-inline elementor-mobile-align-center footer-links elementor-list-item-link-full_width elementor-widget elementor-widget-icon-list\" data-id=\"6665ad5f\" data-element_type=\"widget\" data-widget_type=\"icon-list.default\">\n\t\t\t\t<div class=\"elementor-widget-container\">\n\t\t\t\t\t\t\t<ul class=\"elementor-icon-list-items elementor-inline-items\">\n\t\t\t\t\t\t\t<li class=\"elementor-icon-list-item elementor-inline-item\">\n\t\t\t\t\t\t\t\t\t\t\t<a href=\"\/en\/#beratung\">\n\n\t\t\t\t\t\t\t\t\t\t\t<span class=\"elementor-icon-list-text\">Contact Us<\/span>\n\t\t\t\t\t\t\t\t\t\t\t<\/a>\n\t\t\t\t\t\t\t\t\t<\/li>\n\t\t\t\t\t\t\t\t<li class=\"elementor-icon-list-item elementor-inline-item\">\n\t\t\t\t\t\t\t\t\t\t\t<a href=\"\/en\/impressum\/\">\n\n\t\t\t\t\t\t\t\t\t\t\t<span class=\"elementor-icon-list-text\">Imprint<\/span>\n\t\t\t\t\t\t\t\t\t\t\t<\/a>\n\t\t\t\t\t\t\t\t\t<\/li>\n\t\t\t\t\t\t\t\t<li class=\"elementor-icon-list-item elementor-inline-item\">\n\t\t\t\t\t\t\t\t\t\t\t<a href=\"\/en\/datenschutz\/\">\n\n\t\t\t\t\t\t\t\t\t\t\t<span class=\"elementor-icon-list-text\">Data Protection<\/span>\n\t\t\t\t\t\t\t\t\t\t\t<\/a>\n\t\t\t\t\t\t\t\t\t<\/li>\n\t\t\t\t\t\t\t\t<li class=\"elementor-icon-list-item elementor-inline-item\">\n\t\t\t\t\t\t\t\t\t\t\t<a href=\"\/en\/#faq\">\n\n\t\t\t\t\t\t\t\t\t\t\t<span class=\"elementor-icon-list-text\">FAQ<\/span>\n\t\t\t\t\t\t\t\t\t\t\t<\/a>\n\t\t\t\t\t\t\t\t\t<\/li>\n\t\t\t\t\t\t<\/ul>\n\t\t\t\t\t\t<\/div>\n\t\t\t\t<\/div>\n\t\t\t\t<div class=\"elementor-element elementor-element-1704558e elementor-widget elementor-widget-button\" data-id=\"1704558e\" data-element_type=\"widget\" data-widget_type=\"button.default\">\n\t\t\t\t<div class=\"elementor-widget-container\">\n\t\t\t\t\t\t\t\t\t<div class=\"elementor-button-wrapper\">\n\t\t\t\t\t<a class=\"elementor-button elementor-button-link elementor-size-sm\" href=\"\/en\/#beratung\">\n\t\t\t\t\t\t<span class=\"elementor-button-content-wrapper\">\n\t\t\t\t\t\t\t\t\t<span class=\"elementor-button-text\">Free Introductory Call<\/span>\n\t\t\t\t\t<\/span>\n\t\t\t\t\t<\/a>\n\t\t\t\t<\/div>\n\t\t\t\t\t\t\t\t<\/div>\n\t\t\t\t<\/div>\n\t\t\t\t<div class=\"elementor-element elementor-element-26994584 elementor-grid-tablet-1 elementor-shape-rounded elementor-grid-0 e-grid-align-center elementor-widget elementor-widget-social-icons\" data-id=\"26994584\" data-element_type=\"widget\" data-widget_type=\"social-icons.default\">\n\t\t\t\t<div class=\"elementor-widget-container\">\n\t\t\t\t\t\t\t<div class=\"elementor-social-icons-wrapper elementor-grid\" role=\"list\">\n\t\t\t\t\t\t\t<span class=\"elementor-grid-item\" role=\"listitem\">\n\t\t\t\t\t<a class=\"elementor-icon elementor-social-icon elementor-social-icon-linkedin elementor-repeater-item-c2ac59c\" href=\"https:\/\/www.linkedin.com\/company\/teamevity\" target=\"_blank\" rel=\"nofollow\">\n\t\t\t\t\t\t<span class=\"elementor-screen-only\">Linkedin<\/span>\n\t\t\t\t\t\t<svg class=\"e-font-icon-svg e-fab-linkedin\" viewbox=\"0 0 448 512\" xmlns=\"http:\/\/www.w3.org\/2000\/svg\"><path d=\"M416 32H31.9C14.3 32 0 46.5 0 64.3v383.4C0 465.5 14.3 480 31.9 480H416c17.6 0 32-14.5 32-32.3V64.3c0-17.8-14.4-32.3-32-32.3zM135.4 416H69V202.2h66.5V416zm-33.2-243c-21.3 0-38.5-17.3-38.5-38.5S80.9 96 102.2 96c21.2 0 38.5 17.3 38.5 38.5 0 21.3-17.2 38.5-38.5 38.5zm282.1 243h-66.4V312c0-24.8-.5-56.7-34.5-56.7-34.6 0-39.9 27-39.9 54.9V416h-66.4V202.2h63.7v29.2h.9c8.9-16.8 30.6-34.5 62.9-34.5 67.2 0 79.7 44.3 79.7 101.9V416z\"><\/path><\/svg>\t\t\t\t\t<\/a>\n\t\t\t\t<\/span>\n\t\t\t\t\t\t\t<span class=\"elementor-grid-item\" role=\"listitem\">\n\t\t\t\t\t<a class=\"elementor-icon elementor-social-icon elementor-social-icon-instagram elementor-repeater-item-81fd146\" href=\"https:\/\/www.instagram.com\/team.evity?igsh=cDB1OGF5cWZtMDhm\" target=\"_blank\" rel=\"nofollow\">\n\t\t\t\t\t\t<span class=\"elementor-screen-only\">Instagram<\/span>\n\t\t\t\t\t\t<svg class=\"e-font-icon-svg e-fab-instagram\" viewbox=\"0 0 448 512\" xmlns=\"http:\/\/www.w3.org\/2000\/svg\"><path d=\"M224.1 141c-63.6 0-114.9 51.3-114.9 114.9s51.3 114.9 114.9 114.9S339 319.5 339 255.9 287.7 141 224.1 141zm0 189.6c-41.1 0-74.7-33.5-74.7-74.7s33.5-74.7 74.7-74.7 74.7 33.5 74.7 74.7-33.6 74.7-74.7 74.7zm146.4-194.3c0 14.9-12 26.8-26.8 26.8-14.9 0-26.8-12-26.8-26.8s12-26.8 26.8-26.8 26.8 12 26.8 26.8zm76.1 27.2c-1.7-35.9-9.9-67.7-36.2-93.9-26.2-26.2-58-34.4-93.9-36.2-37-2.1-147.9-2.1-184.9 0-35.8 1.7-67.6 9.9-93.9 36.1s-34.4 58-36.2 93.9c-2.1 37-2.1 147.9 0 184.9 1.7 35.9 9.9 67.7 36.2 93.9s58 34.4 93.9 36.2c37 2.1 147.9 2.1 184.9 0 35.9-1.7 67.7-9.9 93.9-36.2 26.2-26.2 34.4-58 36.2-93.9 2.1-37 2.1-147.8 0-184.8zM398.8 388c-7.8 19.6-22.9 34.7-42.6 42.6-29.5 11.7-99.5 9-132.1 9s-102.7 2.6-132.1-9c-19.6-7.8-34.7-22.9-42.6-42.6-11.7-29.5-9-99.5-9-132.1s-2.6-102.7 9-132.1c7.8-19.6 22.9-34.7 42.6-42.6 29.5-11.7 99.5-9 132.1-9s102.7-2.6 132.1 9c19.6 7.8 34.7 22.9 42.6 42.6 11.7 29.5 9 99.5 9 132.1s2.7 102.7-9 132.1z\"><\/path><\/svg>\t\t\t\t\t<\/a>\n\t\t\t\t<\/span>\n\t\t\t\t\t<\/div>\n\t\t\t\t\t\t<\/div>\n\t\t\t\t<\/div>\n\t\t\t\t\t<\/div>\n\t\t\t\t<\/div>\n\t\t\t\t<\/div>\n\t\t\t\t<\/div>","protected":false},"excerpt":{"rendered":"<p>kostenfreies Erstgespr\u00e4ch Home Leistungen Erstgespr\u00e4ch \u00dcber uns FAQ Kontakt Impressum Dieses Impressum gilt f\u00fcr alle Angebote unter der Domain www.teamevity.com inklusive aller Subdomains (Unterseiten). Angaben gem\u00e4\u00df \u00a75 DDG Teamevity GbRvertretungsberechtigte Gesellschafter:Birgit Eckart und Oliver OelkersGrillparzerstra\u00dfe 46D-81675 M\u00fcnchen E-Mail: info@teamevity.com Umsatzsteuer-Identifikationsnummer nach \u00a727a Umsatzsteuergesetz: 143\/552\/80110 Redaktionell Verantwortliche: Birgit Eckart und Oliver Oelkers Bildnachweise:\u00a0Ammy Berent (All Eyes [&hellip;]<\/p>\n","protected":false},"author":1,"featured_media":0,"parent":0,"menu_order":0,"comment_status":"closed","ping_status":"closed","template":"","meta":{"footnotes":""},"class_list":["post-789","page","type-page","status-publish","hentry"],"yoast_head":"<!-- This site is optimized with the Yoast SEO plugin v25.5 - https:\/\/yoast.com\/wordpress\/plugins\/seo\/ -->\n<title>Impressum - teamevity - we make teams work<\/title>\n<meta name=\"robots\" content=\"index, follow, max-snippet:-1, max-image-preview:large, max-video-preview:-1\" \/>\n<link rel=\"canonical\" href=\"https:\/\/teamevity.com\/en\/impressum\/\" \/>\n<meta property=\"og:locale\" content=\"en_US\" \/>\n<meta property=\"og:type\" content=\"article\" \/>\n<meta property=\"og:title\" content=\"Impressum - teamevity - we make teams work\" \/>\n<meta property=\"og:description\" content=\"kostenfreies Erstgespr\u00e4ch Home Leistungen Erstgespr\u00e4ch \u00dcber uns FAQ Kontakt Impressum Dieses Impressum gilt f\u00fcr alle Angebote unter der Domain www.teamevity.com inklusive aller Subdomains (Unterseiten). Angaben gem\u00e4\u00df \u00a75 DDG Teamevity GbRvertretungsberechtigte Gesellschafter:Birgit Eckart und Oliver OelkersGrillparzerstra\u00dfe 46D-81675 M\u00fcnchen E-Mail: info@teamevity.com Umsatzsteuer-Identifikationsnummer nach \u00a727a Umsatzsteuergesetz: 143\/552\/80110 Redaktionell Verantwortliche: Birgit Eckart und Oliver Oelkers Bildnachweise:\u00a0Ammy Berent (All Eyes [&hellip;]\" \/>\n<meta property=\"og:url\" content=\"https:\/\/teamevity.com\/en\/impressum\/\" \/>\n<meta property=\"og:site_name\" content=\"teamevity - we make teams work\" \/>\n<meta property=\"article:modified_time\" content=\"2025-07-10T14:12:24+00:00\" \/>\n<meta name=\"twitter:card\" content=\"summary_large_image\" \/>\n<meta name=\"twitter:label1\" content=\"Est. reading time\" \/>\n\t<meta name=\"twitter:data1\" content=\"2 minutes\" \/>\n<script type=\"application\/ld+json\" class=\"yoast-schema-graph\">{\"@context\":\"https:\/\/schema.org\",\"@graph\":[{\"@type\":\"WebPage\",\"@id\":\"https:\/\/teamevity.com\/impressum\/\",\"url\":\"https:\/\/teamevity.com\/impressum\/\",\"name\":\"Impressum - teamevity - we make teams work\",\"isPartOf\":{\"@id\":\"https:\/\/teamevity.com\/#website\"},\"primaryImageOfPage\":{\"@id\":\"https:\/\/teamevity.com\/impressum\/#primaryimage\"},\"image\":{\"@id\":\"https:\/\/teamevity.com\/impressum\/#primaryimage\"},\"thumbnailUrl\":\"https:\/\/teamevity.com\/wp-content\/uploads\/teamevity_logo_fin_250709_1.svg\",\"datePublished\":\"2025-07-07T11:11:22+00:00\",\"dateModified\":\"2025-07-10T14:12:24+00:00\",\"breadcrumb\":{\"@id\":\"https:\/\/teamevity.com\/impressum\/#breadcrumb\"},\"inLanguage\":\"en-US\",\"potentialAction\":[{\"@type\":\"ReadAction\",\"target\":[\"https:\/\/teamevity.com\/impressum\/\"]}]},{\"@type\":\"ImageObject\",\"inLanguage\":\"en-US\",\"@id\":\"https:\/\/teamevity.com\/impressum\/#primaryimage\",\"url\":\"https:\/\/teamevity.com\/wp-content\/uploads\/teamevity_logo_fin_250709_1.svg\",\"contentUrl\":\"https:\/\/teamevity.com\/wp-content\/uploads\/teamevity_logo_fin_250709_1.svg\"},{\"@type\":\"BreadcrumbList\",\"@id\":\"https:\/\/teamevity.com\/impressum\/#breadcrumb\",\"itemListElement\":[{\"@type\":\"ListItem\",\"position\":1,\"name\":\"Startseite\",\"item\":\"https:\/\/teamevity.com\/\"},{\"@type\":\"ListItem\",\"position\":2,\"name\":\"Impressum\"}]},{\"@type\":\"WebSite\",\"@id\":\"https:\/\/teamevity.com\/#website\",\"url\":\"https:\/\/teamevity.com\/\",\"name\":\"Teamevity - we make teams work\",\"description\":\"\",\"potentialAction\":[{\"@type\":\"SearchAction\",\"target\":{\"@type\":\"EntryPoint\",\"urlTemplate\":\"https:\/\/teamevity.com\/?s={search_term_string}\"},\"query-input\":{\"@type\":\"PropertyValueSpecification\",\"valueRequired\":true,\"valueName\":\"search_term_string\"}}],\"inLanguage\":\"en-US\"}]}<\/script>\n<!-- \/ Yoast SEO plugin. -->","yoast_head_json":{"title":"Impressum - teamevity - we make teams work","robots":{"index":"index","follow":"follow","max-snippet":"max-snippet:-1","max-image-preview":"max-image-preview:large","max-video-preview":"max-video-preview:-1"},"canonical":"https:\/\/teamevity.com\/en\/impressum\/","og_locale":"en_US","og_type":"article","og_title":"Impressum - teamevity - we make teams work","og_description":"kostenfreies Erstgespr\u00e4ch Home Leistungen Erstgespr\u00e4ch \u00dcber uns FAQ Kontakt Impressum Dieses Impressum gilt f\u00fcr alle Angebote unter der Domain www.teamevity.com inklusive aller Subdomains (Unterseiten). Angaben gem\u00e4\u00df \u00a75 DDG Teamevity GbRvertretungsberechtigte Gesellschafter:Birgit Eckart und Oliver OelkersGrillparzerstra\u00dfe 46D-81675 M\u00fcnchen E-Mail: info@teamevity.com Umsatzsteuer-Identifikationsnummer nach \u00a727a Umsatzsteuergesetz: 143\/552\/80110 Redaktionell Verantwortliche: Birgit Eckart und Oliver Oelkers Bildnachweise:\u00a0Ammy Berent (All Eyes [&hellip;]","og_url":"https:\/\/teamevity.com\/en\/impressum\/","og_site_name":"teamevity - we make teams work","article_modified_time":"2025-07-10T14:12:24+00:00","twitter_card":"summary_large_image","twitter_misc":{"Est. reading time":"2 minutes"},"schema":{"@context":"https:\/\/schema.org","@graph":[{"@type":"WebPage","@id":"https:\/\/teamevity.com\/impressum\/","url":"https:\/\/teamevity.com\/impressum\/","name":"Impressum - teamevity - we make teams work","isPartOf":{"@id":"https:\/\/teamevity.com\/#website"},"primaryImageOfPage":{"@id":"https:\/\/teamevity.com\/impressum\/#primaryimage"},"image":{"@id":"https:\/\/teamevity.com\/impressum\/#primaryimage"},"thumbnailUrl":"https:\/\/teamevity.com\/wp-content\/uploads\/teamevity_logo_fin_250709_1.svg","datePublished":"2025-07-07T11:11:22+00:00","dateModified":"2025-07-10T14:12:24+00:00","breadcrumb":{"@id":"https:\/\/teamevity.com\/impressum\/#breadcrumb"},"inLanguage":"en-US","potentialAction":[{"@type":"ReadAction","target":["https:\/\/teamevity.com\/impressum\/"]}]},{"@type":"ImageObject","inLanguage":"en-US","@id":"https:\/\/teamevity.com\/impressum\/#primaryimage","url":"https:\/\/teamevity.com\/wp-content\/uploads\/teamevity_logo_fin_250709_1.svg","contentUrl":"https:\/\/teamevity.com\/wp-content\/uploads\/teamevity_logo_fin_250709_1.svg"},{"@type":"BreadcrumbList","@id":"https:\/\/teamevity.com\/impressum\/#breadcrumb","itemListElement":[{"@type":"ListItem","position":1,"name":"Startseite","item":"https:\/\/teamevity.com\/"},{"@type":"ListItem","position":2,"name":"Impressum"}]},{"@type":"WebSite","@id":"https:\/\/teamevity.com\/#website","url":"https:\/\/teamevity.com\/","name":"Teamevity - we make teams work","description":"","potentialAction":[{"@type":"SearchAction","target":{"@type":"EntryPoint","urlTemplate":"https:\/\/teamevity.com\/?s={search_term_string}"},"query-input":{"@type":"PropertyValueSpecification","valueRequired":true,"valueName":"search_term_string"}}],"inLanguage":"en-US"}]}},"_links":{"self":[{"href":"https:\/\/teamevity.com\/en\/wp-json\/wp\/v2\/pages\/789","targetHints":{"allow":["GET"]}}],"collection":[{"href":"https:\/\/teamevity.com\/en\/wp-json\/wp\/v2\/pages"}],"about":[{"href":"https:\/\/teamevity.com\/en\/wp-json\/wp\/v2\/types\/page"}],"author":[{"embeddable":true,"href":"https:\/\/teamevity.com\/en\/wp-json\/wp\/v2\/users\/1"}],"replies":[{"embeddable":true,"href":"https:\/\/teamevity.com\/en\/wp-json\/wp\/v2\/comments?post=789"}],"version-history":[{"count":10,"href":"https:\/\/teamevity.com\/en\/wp-json\/wp\/v2\/pages\/789\/revisions"}],"predecessor-version":[{"id":1099,"href":"https:\/\/teamevity.com\/en\/wp-json\/wp\/v2\/pages\/789\/revisions\/1099"}],"wp:attachment":[{"href":"https:\/\/teamevity.com\/en\/wp-json\/wp\/v2\/media?parent=789"}],"curies":[{"name":"wp","href":"https:\/\/api.w.org\/{rel}","templated":true}]}}